{"id":926,"date":"2020-04-05T12:38:48","date_gmt":"2020-04-05T10:38:48","guid":{"rendered":"http:\/\/www.jomtien-condotel.com\/?page_id=926"},"modified":"2020-05-05T10:07:57","modified_gmt":"2020-05-05T08:07:57","slug":"jomtien-condotel","status":"publish","type":"page","link":"http:\/\/www.jomtien-condotel.com\/fr\/","title":{"rendered":"Jomtien Condotel"},"content":{"rendered":"<h2>Nos appartements \u00e0 Jomtien Condotel<\/h2>\n<p>Nous vous proposons des studios et des appartements 2 pi\u00e8ces exclusifs et enti\u00e8rement \u00e9quip\u00e9s dans le complexe Jomtien Condotel pour vos vacances. Que ce soit quelques jours ou plusieurs semaines, vous pouvez r\u00e9server avec nous individuellement.<\/p>\n<p>Mais nous pouvons \u00e9galement vous proposer nos appartements \u00e0 des conditions particuli\u00e8rement avantageuses pour des locations \u00e0 long terme pouvant aller jusqu&rsquo;\u00e0 un an ou plus.<\/p>\n<div class=\"su-spacer\" style=\"height:30px\"><\/div>\n<div class=\"su-youtube su-u-responsive-media-yes\"><iframe loading=\"lazy\" width=\"600\" height=\"400\" src=\"https:\/\/www.youtube.com\/embed\/MPfu3Cmc82U?autohide=2&amp;autoplay=0&amp;mute=0&amp;controls=1&amp;fs=1&amp;loop=1&amp;modestbranding=1&amp;playlist=MPfu3Cmc82U&amp;rel=0&amp;showinfo=1&amp;theme=dark&amp;wmode=&amp;playsinline=0\" frameborder=\"0\" allowfullscreen allow=\"autoplay; encrypted-media; picture-in-picture\" title=\"Jomtien Condotel Pattaya\"><\/iframe><\/div>\n<div class=\"su-spacer\" style=\"height:30px\"><\/div>\n<p>Jomtien Condotel est un petit complexe calme avec un village bien entretenu \u00e0 l&rsquo;entr\u00e9e et deux b\u00e2timents r\u00e9sidentiels calmes, chacun avec seulement onze \u00e9tages.<\/p>\n<div class=\"su-spacer\" style=\"height:30px\"><\/div>\n<p><img loading=\"lazy\" decoding=\"async\" src=\"http:\/\/www.jomtien-condotel.com\/wp-content\/uploads\/jomtien-condotels.jpg\" alt=\"Jomtien Condotels\" width=\"1440\" height=\"1080\" class=\"aligncenter size-full wp-image-1274\" srcset=\"http:\/\/www.jomtien-condotel.com\/wp-content\/uploads\/jomtien-condotels.jpg 1440w, http:\/\/www.jomtien-condotel.com\/wp-content\/uploads\/jomtien-condotels-300x225.jpg 300w, http:\/\/www.jomtien-condotel.com\/wp-content\/uploads\/jomtien-condotels-1024x768.jpg 1024w, http:\/\/www.jomtien-condotel.com\/wp-content\/uploads\/jomtien-condotels-768x576.jpg 768w\" sizes=\"(max-width: 1440px) 100vw, 1440px\" \/><\/p>\n<div class=\"su-spacer\" style=\"height:30px\"><\/div>\n<p>La grande piscine avec restaurant attenant et les trois courts de tennis \u00e9clair\u00e9s r\u00e9nov\u00e9s sont particuli\u00e8rement appr\u00e9ci\u00e9s.<\/p>\n<p>Une buanderie dans le condo A et un mini-magasin bien approvisionn\u00e9 dans le condo B soulignent l&rsquo;offre globale exceptionnelle.<\/p>\n<div class=\"su-spacer\" style=\"height:30px\"><\/div>\n<p><img loading=\"lazy\" decoding=\"async\" src=\"http:\/\/www.jomtien-condotel.com\/wp-content\/uploads\/jomtien-condotel-village.jpg\" alt=\"Jomtien Condotel Village\" width=\"1440\" height=\"1080\" class=\"aligncenter size-full wp-image-1270\" srcset=\"http:\/\/www.jomtien-condotel.com\/wp-content\/uploads\/jomtien-condotel-village.jpg 1440w, http:\/\/www.jomtien-condotel.com\/wp-content\/uploads\/jomtien-condotel-village-300x225.jpg 300w, http:\/\/www.jomtien-condotel.com\/wp-content\/uploads\/jomtien-condotel-village-1024x768.jpg 1024w, http:\/\/www.jomtien-condotel.com\/wp-content\/uploads\/jomtien-condotel-village-768x576.jpg 768w\" sizes=\"(max-width: 1440px) 100vw, 1440px\" \/><\/p>\n<div class=\"su-spacer\" style=\"height:30px\"><\/div>\n<p>Un supermarch\u00e9 24h \/ 24 tr\u00e8s bien approvisionn\u00e9 se trouve juste en face de notre \u00e9tablissement. Du pain et des p\u00e2tisseries europ\u00e9ennes \u00e0 la viande et aux saucisses en passant par les bi\u00e8res et les vins internationaux, tout ce que votre c\u0153ur d\u00e9sire est disponible ici.<\/p>\n<p>Pour un moyen bon march\u00e9 vers et depuis l&rsquo;a\u00e9roport, le bus de l&rsquo;a\u00e9roport avec des liaisons horaires entre l&rsquo;a\u00e9roport Suvarnabhumi de Bangkok et Jomtien est recommand\u00e9. La gare de d\u00e9part ou d&rsquo;arriv\u00e9e est juste en face de notre \u00e9tablissement.<\/p>\n<p>Les taxis baht bien connus passent devant notre \u00e9tablissement en direction de Jomtien Beach et en direction de Pattaya City.<\/p>\n","protected":false},"excerpt":{"rendered":"<p>Nos appartements \u00e0 Jomtien Condotel Nous vous proposons des studios et des appartements 2 pi\u00e8ces exclusifs et enti\u00e8rement \u00e9quip\u00e9s dans le complexe Jomtien Condotel pour vos vacances. Que ce soit quelques jours ou plusieurs semaines, vous pouvez r\u00e9server avec nous individuellement. Mais nous pouvons \u00e9galement vous proposer<\/p>\n","protected":false},"author":1,"featured_media":0,"parent":0,"menu_order":0,"comment_status":"closed","ping_status":"closed","template":"","meta":{"footnotes":""},"class_list":["post-926","page","type-page","status-publish","hentry"],"yoast_head":"<!-- This site is optimized with the Yoast SEO plugin v19.14 - https:\/\/yoast.com\/wordpress\/plugins\/seo\/ -->\n<title>Jomtien Condotel &amp; Village - paradis de vacances \u00e0 Pattaya en Tha\u00eflande<\/title>\n<meta name=\"description\" content=\"Le complexe de vacances Jomtien Condotel &amp; Village dans la station baln\u00e9aire tha\u00eflandaise de Pattaya offre des conditions id\u00e9ales pour des vacances reposantes et mouvement\u00e9es.\" \/>\n<meta name=\"robots\" content=\"index, follow, max-snippet:-1, max-image-preview:large, max-video-preview:-1\" \/>\n<link rel=\"canonical\" href=\"http:\/\/www.jomtien-condotel.com\/fr\/\" \/>\n<meta property=\"og:locale\" content=\"fr_FR\" \/>\n<meta property=\"og:type\" content=\"article\" \/>\n<meta property=\"og:title\" content=\"Jomtien Condotel &amp; Village - paradis de vacances \u00e0 Pattaya en Tha\u00eflande\" \/>\n<meta property=\"og:description\" content=\"Le complexe de vacances Jomtien Condotel &amp; Village dans la station baln\u00e9aire tha\u00eflandaise de Pattaya offre des conditions id\u00e9ales pour des vacances reposantes et mouvement\u00e9es.\" \/>\n<meta property=\"og:url\" content=\"http:\/\/www.jomtien-condotel.com\/fr\/\" \/>\n<meta property=\"og:site_name\" content=\"Jomtien Condotel\" \/>\n<meta property=\"article:modified_time\" content=\"2020-05-05T08:07:57+00:00\" \/>\n<meta property=\"og:image\" content=\"http:\/\/www.jomtien-condotel.com\/wp-content\/uploads\/jomtien-condotels.jpg\" \/>\n<meta name=\"twitter:card\" content=\"summary_large_image\" \/>\n<meta name=\"twitter:label1\" content=\"Dur\u00e9e de lecture estim\u00e9e\" \/>\n\t<meta name=\"twitter:data1\" content=\"1 minute\" \/>\n<script type=\"application\/ld+json\" class=\"yoast-schema-graph\">{\"@context\":\"https:\/\/schema.org\",\"@graph\":[{\"@type\":\"WebPage\",\"@id\":\"http:\/\/www.jomtien-condotel.com\/fr\/\",\"url\":\"http:\/\/www.jomtien-condotel.com\/fr\/\",\"name\":\"Jomtien Condotel & Village - paradis de vacances \u00e0 Pattaya en Tha\u00eflande\",\"isPartOf\":{\"@id\":\"http:\/\/www.jomtien-condotel.com\/#website\"},\"datePublished\":\"2020-04-05T10:38:48+00:00\",\"dateModified\":\"2020-05-05T08:07:57+00:00\",\"description\":\"Le complexe de vacances Jomtien Condotel & Village dans la station baln\u00e9aire tha\u00eflandaise de Pattaya offre des conditions id\u00e9ales pour des vacances reposantes et mouvement\u00e9es.\",\"breadcrumb\":{\"@id\":\"http:\/\/www.jomtien-condotel.com\/fr\/#breadcrumb\"},\"inLanguage\":\"fr-FR\",\"potentialAction\":[{\"@type\":\"ReadAction\",\"target\":[\"http:\/\/www.jomtien-condotel.com\/fr\/\"]}]},{\"@type\":\"BreadcrumbList\",\"@id\":\"http:\/\/www.jomtien-condotel.com\/fr\/#breadcrumb\",\"itemListElement\":[{\"@type\":\"ListItem\",\"position\":1,\"name\":\"Startseite\",\"item\":\"http:\/\/www.jomtien-condotel.com\/fr\/\"},{\"@type\":\"ListItem\",\"position\":2,\"name\":\"Jomtien Condotel\"}]},{\"@type\":\"WebSite\",\"@id\":\"http:\/\/www.jomtien-condotel.com\/#website\",\"url\":\"http:\/\/www.jomtien-condotel.com\/\",\"name\":\"Jomtien Condotel\",\"description\":\"Appartements et Maisons de Vacances\",\"potentialAction\":[{\"@type\":\"SearchAction\",\"target\":{\"@type\":\"EntryPoint\",\"urlTemplate\":\"http:\/\/www.jomtien-condotel.com\/?s={search_term_string}\"},\"query-input\":\"required name=search_term_string\"}],\"inLanguage\":\"fr-FR\"}]}<\/script>\n<!-- \/ Yoast SEO plugin. -->","yoast_head_json":{"title":"Jomtien Condotel & Village - paradis de vacances \u00e0 Pattaya en Tha\u00eflande","description":"Le complexe de vacances Jomtien Condotel & Village dans la station baln\u00e9aire tha\u00eflandaise de Pattaya offre des conditions id\u00e9ales pour des vacances reposantes et mouvement\u00e9es.","robots":{"index":"index","follow":"follow","max-snippet":"max-snippet:-1","max-image-preview":"max-image-preview:large","max-video-preview":"max-video-preview:-1"},"canonical":"http:\/\/www.jomtien-condotel.com\/fr\/","og_locale":"fr_FR","og_type":"article","og_title":"Jomtien Condotel & Village - paradis de vacances \u00e0 Pattaya en Tha\u00eflande","og_description":"Le complexe de vacances Jomtien Condotel & Village dans la station baln\u00e9aire tha\u00eflandaise de Pattaya offre des conditions id\u00e9ales pour des vacances reposantes et mouvement\u00e9es.","og_url":"http:\/\/www.jomtien-condotel.com\/fr\/","og_site_name":"Jomtien Condotel","article_modified_time":"2020-05-05T08:07:57+00:00","og_image":[{"url":"http:\/\/www.jomtien-condotel.com\/wp-content\/uploads\/jomtien-condotels.jpg"}],"twitter_card":"summary_large_image","twitter_misc":{"Dur\u00e9e de lecture estim\u00e9e":"1 minute"},"schema":{"@context":"https:\/\/schema.org","@graph":[{"@type":"WebPage","@id":"http:\/\/www.jomtien-condotel.com\/fr\/","url":"http:\/\/www.jomtien-condotel.com\/fr\/","name":"Jomtien Condotel & Village - paradis de vacances \u00e0 Pattaya en Tha\u00eflande","isPartOf":{"@id":"http:\/\/www.jomtien-condotel.com\/#website"},"datePublished":"2020-04-05T10:38:48+00:00","dateModified":"2020-05-05T08:07:57+00:00","description":"Le complexe de vacances Jomtien Condotel & Village dans la station baln\u00e9aire tha\u00eflandaise de Pattaya offre des conditions id\u00e9ales pour des vacances reposantes et mouvement\u00e9es.","breadcrumb":{"@id":"http:\/\/www.jomtien-condotel.com\/fr\/#breadcrumb"},"inLanguage":"fr-FR","potentialAction":[{"@type":"ReadAction","target":["http:\/\/www.jomtien-condotel.com\/fr\/"]}]},{"@type":"BreadcrumbList","@id":"http:\/\/www.jomtien-condotel.com\/fr\/#breadcrumb","itemListElement":[{"@type":"ListItem","position":1,"name":"Startseite","item":"http:\/\/www.jomtien-condotel.com\/fr\/"},{"@type":"ListItem","position":2,"name":"Jomtien Condotel"}]},{"@type":"WebSite","@id":"http:\/\/www.jomtien-condotel.com\/#website","url":"http:\/\/www.jomtien-condotel.com\/","name":"Jomtien Condotel","description":"Appartements et Maisons de Vacances","potentialAction":[{"@type":"SearchAction","target":{"@type":"EntryPoint","urlTemplate":"http:\/\/www.jomtien-condotel.com\/?s={search_term_string}"},"query-input":"required name=search_term_string"}],"inLanguage":"fr-FR"}]}},"_links":{"self":[{"href":"http:\/\/www.jomtien-condotel.com\/fr\/wp-json\/wp\/v2\/pages\/926"}],"collection":[{"href":"http:\/\/www.jomtien-condotel.com\/fr\/wp-json\/wp\/v2\/pages"}],"about":[{"href":"http:\/\/www.jomtien-condotel.com\/fr\/wp-json\/wp\/v2\/types\/page"}],"author":[{"embeddable":true,"href":"http:\/\/www.jomtien-condotel.com\/fr\/wp-json\/wp\/v2\/users\/1"}],"replies":[{"embeddable":true,"href":"http:\/\/www.jomtien-condotel.com\/fr\/wp-json\/wp\/v2\/comments?post=926"}],"version-history":[{"count":3,"href":"http:\/\/www.jomtien-condotel.com\/fr\/wp-json\/wp\/v2\/pages\/926\/revisions"}],"predecessor-version":[{"id":1279,"href":"http:\/\/www.jomtien-condotel.com\/fr\/wp-json\/wp\/v2\/pages\/926\/revisions\/1279"}],"wp:attachment":[{"href":"http:\/\/www.jomtien-condotel.com\/fr\/wp-json\/wp\/v2\/media?parent=926"}],"curies":[{"name":"wp","href":"https:\/\/api.w.org\/{rel}","templated":true}]}}