{"id":1293,"date":"2020-05-09T11:46:51","date_gmt":"2020-05-09T09:46:51","guid":{"rendered":"http:\/\/www.jomtien-condotel.com\/?page_id=1293"},"modified":"2020-05-13T08:11:11","modified_gmt":"2020-05-13T06:11:11","slug":"studio-appartements","status":"publish","type":"page","link":"http:\/\/www.jomtien-condotel.com\/fr\/studio-appartements\/","title":{"rendered":"Studio Appartements"},"content":{"rendered":"<p>Nous proposons des <strong> studios r\u00e9nov\u00e9s et enti\u00e8rement \u00e9quip\u00e9s <\/strong> pour vos vacances.<\/p>\n<p>Que ce soit 1 semaine, 1 mois ou 1 an &#8211; vous pouvez r\u00e9server individuellement avec nous. Pour des locations \u00e0 long terme pouvant aller jusqu&rsquo;\u00e0 un an ou plus, nous pouvons vous proposer nos appartements \u00e0 des conditions sp\u00e9ciales.<\/p>\n<div class=\"su-spacer\" style=\"height:20px\"><\/div>\n<p>Nos studios ont tous exactement le m\u00eame \u00e9quipement et mobilier, y compris une cuisine bien \u00e9quip\u00e9e selon les normes europ\u00e9ennes.<\/p>\n<p>Selon la disponibilit\u00e9, vous pouvez choisir entre deux options d&rsquo;ameublement.<\/p>\n<i class=\"fa fa-angle-double-right\"><\/i> <strong>Studio &gt; A &lt; en beige et cr\u00e8me avec un mobilier moderne<\/strong><\/p>\n<i class=\"fa fa-angle-double-right\"><\/i> <strong>Studio &gt; B &lt; en marron et blanc avec un mobilier moderne<\/strong><\/p>\n<div class=\"su-spacer\" style=\"height:40px\"><\/div>\n<div style=\"text-align: center;\"><strong>Studio TYPE A<\/strong><\/div>\n<div class=\"su-spacer\" style=\"height:40px\"><\/div>\n<div class=\"su-row\"><div class=\"su-column su-column-size-1-2\"><div class=\"su-column-inner su-u-clearfix su-u-trim\"><img loading=\"lazy\" decoding=\"async\" class=\"aligncenter size-medium\" src=\"http:\/\/www.jomtien-condotel.com\/wp-content\/uploads\/20170802_140525.jpg\" alt=\"\" width=\"300\" height=\"169\" \/><\/div><\/div>\n<div class=\"su-column su-column-size-1-2\"><div class=\"su-column-inner su-u-clearfix su-u-trim\"><img loading=\"lazy\" decoding=\"async\" class=\"aligncenter size-medium\" src=\"http:\/\/www.jomtien-condotel.com\/wp-content\/uploads\/20170802_140605.jpg\" alt=\"\" width=\"300\" height=\"169\" \/><\/div><\/div><\/div>\n<div class=\"su-spacer\" style=\"height:40px\"><\/div>\n<div style=\"text-align: center;\"><strong>Studio TYPE B<\/strong><\/div>\n<div class=\"su-spacer\" style=\"height:40px\"><\/div>\n<div class=\"su-row\"><div class=\"su-column su-column-size-1-2\"><div class=\"su-column-inner su-u-clearfix su-u-trim\"><img loading=\"lazy\" decoding=\"async\" class=\"aligncenter size-medium\" src=\"http:\/\/www.jomtien-condotel.com\/wp-content\/uploads\/20170803_150813.jpg\" alt=\"\" width=\"300\" height=\"169\" \/><\/div><\/div>\n<div class=\"su-column su-column-size-1-2\"><div class=\"su-column-inner su-u-clearfix su-u-trim\"><img loading=\"lazy\" decoding=\"async\" class=\"aligncenter size-medium\" src=\"http:\/\/www.jomtien-condotel.com\/wp-content\/uploads\/20170803_150959.jpg\" alt=\"\" width=\"300\" height=\"169\" \/><\/div><\/div><\/div>\n<div class=\"su-spacer\" style=\"height:40px\"><\/div>\n<h2>Ameublement et \u00e9quipement des chambres<\/h2>\n<p>La climatisation et un ventilateur, un grand lit king-size (avec couvertures matelass\u00e9es et couette) ainsi que des serviettes et des serviettes de bain (chacune avec 4 lits) font partie de l&rsquo;\u00e9quipement, tout comme une t\u00e9l\u00e9vision \u00e0 \u00e9cran plat de 42 pouces et un grand coffre-fort.<\/p>\n<p>NOUVEAU: gr\u00e2ce \u00e0 la <strong> TV Box <\/strong> d&rsquo;EuroTV Asia, vous pouvez d\u00e9sormais <strong> profiter de toutes les cha\u00eenes de t\u00e9l\u00e9vision allemandes, autrichiennes et suisses <\/strong> pendant vos vacances.<\/p>\n<div class=\"su-spacer\" style=\"height:40px\"><\/div>\n<div class=\"su-row\">\n<div class=\"su-column su-column-size-1-2\"><div class=\"su-column-inner su-u-clearfix su-u-trim\">\n<img loading=\"lazy\" decoding=\"async\" class=\"aligncenter size-medium\" src=\"http:\/\/www.jomtien-condotel.com\/wp-content\/uploads\/20170802_142201.jpg\" alt=\"\" width=\"300\" height=\"200\" \/><\/p>\n<div style=\"text-align: center;\"><strong>Frottedecken<\/strong><\/div>\n<\/div><\/div>\n<div class=\"su-column su-column-size-1-2\"><div class=\"su-column-inner su-u-clearfix su-u-trim\">\n<img loading=\"lazy\" decoding=\"async\" class=\"aligncenter size-medium\" src=\"http:\/\/www.jomtien-condotel.com\/wp-content\/uploads\/20170802_142208.jpg\" alt=\"\" width=\"300\" height=\"200\" \/><\/p>\n<div style=\"text-align: center;\"><strong>Stepdecken<\/strong><\/div>\n<\/div><\/div>\n<\/div>\n<div class=\"su-spacer\" style=\"height:40px\"><\/div>\n<p>Tous les studios disposent d&rsquo;un coin repas confortable de taille europ\u00e9enne.<\/p>\n<p>Un fer \u00e0 repasser, une planche \u00e0 repasser et bien s\u00fbr un s\u00e8che-cheveux sont \u00e9galement disponibles et vous font gagner un espace pr\u00e9cieux dans vos bagages.<\/p>\n<div class=\"su-spacer\" style=\"height:40px\"><\/div>\n<h2>Cuisines \u00e9quip\u00e9es<\/h2>\n<p>Rien ne manque ici, de la plaque vitroc\u00e9ramique avec hotte aspirante au r\u00e9frig\u00e9rateur-cong\u00e9lateur, micro-ondes et machine \u00e0 caf\u00e9 en passant par la po\u00eale et la casserole. Les verres et la vaisselle ainsi que les couverts sont disponibles en 4 fois.<\/p>\n<div class=\"su-spacer\" style=\"height:40px\"><\/div>\n<div class=\"su-row\">\n<div class=\"su-column su-column-size-1-2\"><div class=\"su-column-inner su-u-clearfix su-u-trim\">\n<img loading=\"lazy\" decoding=\"async\" class=\"aligncenter size-medium\" src=\"http:\/\/jomtien-condotel.com\/wp-content\/uploads\/2B3X4230-300x200.jpg\" alt=\"\" width=\"300\" height=\"200\" \/><\/p>\n<div style=\"text-align: center;\"><strong>Cuisine TYPE A<\/strong><\/div>\n<\/div><\/div>\n<div class=\"su-column su-column-size-1-2\"><div class=\"su-column-inner su-u-clearfix su-u-trim\">\n<img loading=\"lazy\" decoding=\"async\" class=\"aligncenter size-medium\" src=\"http:\/\/jomtien-condotel.com\/wp-content\/uploads\/2B3X4252-300x200.jpg\" alt=\"\" width=\"300\" height=\"200\" \/><\/p>\n<div style=\"text-align: center;\"><strong>Cuisine TYPE B<\/strong><\/div>\n<\/div><\/div>\n<\/div>\n<div class=\"su-spacer\" style=\"height:40px\"><\/div>\n<h2>Salle de bain<\/h2>\n<p>Les salles de bains sont carrel\u00e9es de couleurs vives et \u00e9quip\u00e9es de vanit\u00e9s en granit et de douches \u00e0 effet pluie.<\/p>\n<p>Les r\u00e9seaux d&rsquo;eau et d&rsquo;\u00e9lectricit\u00e9 sont prot\u00e9g\u00e9s et vous avez suffisamment d&rsquo;espace de rangement pour vos articles de toilette.<\/p>\n<p>De grandes serviettes de douche, essuie-mains, serviettes de sol, draps, couvertures et bien plus sont \u00e0 la disposition de nos clients gratuitement.<\/p>\n<div class=\"su-spacer\" style=\"height:40px\"><\/div>\n<div class=\"su-row\">\n<div class=\"su-column su-column-size-1-2\"><div class=\"su-column-inner su-u-clearfix su-u-trim\">\n<img loading=\"lazy\" decoding=\"async\" class=\"aligncenter size-medium\" src=\"http:\/\/www.jomtien-condotel.com\/wp-content\/uploads\/20170802_141230.jpg\" alt=\"\" width=\"300\" height=\"300\" \/><\/p>\n<div style=\"text-align: center;\"><strong>Salle de bain TYPE A<\/strong><\/div>\n<\/div><\/div>\n<div class=\"su-column su-column-size-1-2\"><div class=\"su-column-inner su-u-clearfix su-u-trim\">\n<img loading=\"lazy\" decoding=\"async\" class=\"aligncenter size-medium\" src=\"http:\/\/www.jomtien-condotel.com\/wp-content\/uploads\/53.jpg\" alt=\"\" width=\"300\" height=\"300\" \/><\/p>\n<div style=\"text-align: center;\"><strong>Salle de bain TYPE B<\/strong><\/div>\n<\/div><\/div>\n<\/div>\n<div class=\"su-spacer\" style=\"height:40px\"><\/div>\n<div class=\"su-row\">\n<div class=\"su-column su-column-size-1-2\"><div class=\"su-column-inner su-u-clearfix su-u-trim\">\n<img loading=\"lazy\" decoding=\"async\" class=\"aligncenter size-medium\" src=\"http:\/\/jomtien-condotel.com\/wp-content\/uploads\/20170802_141105-e1502096467762.jpg\" alt=\"\" width=\"200\" height=\"300\" \/><\/p>\n<div style=\"text-align: center;\"><strong>Salle de bain TYPE A<\/strong><\/div>\n<\/div><\/div>\n<div class=\"su-column su-column-size-1-2\"><div class=\"su-column-inner su-u-clearfix su-u-trim\">\n<img loading=\"lazy\" decoding=\"async\" class=\"aligncenter size-medium\" src=\"http:\/\/www.jomtien-condotel.com\/wp-content\/uploads\/20170803_152158.jpg\" alt=\"\" width=\"300\" height=\"400\" \/><\/p>\n<div style=\"text-align: center;\"><strong>Salle de bain TYPE A<\/strong><\/div>\n<\/div><\/div>\n<\/div>\n<div class=\"su-spacer\" style=\"height:40px\"><\/div>\n<h2>Balcon et mobilier de balcon<\/h2>\n<p>Tous les balcons sont enti\u00e8rement carrel\u00e9s et les si\u00e8ges propres et fonctionnels vous invitent \u00e0 vous attarder et \u00e0 profiter de la vue.<\/p>\n<p>Un grand s\u00e9choir pour vos serviettes et votre \u00e9quipement de natation est bien s\u00fbr \u00e9galement disponible.<\/p>\n<div class=\"su-spacer\" style=\"height:40px\"><\/div>\n<div class=\"su-row\">\n<div class=\"su-column su-column-size-1-2\"><div class=\"su-column-inner su-u-clearfix su-u-trim\">\n<img loading=\"lazy\" decoding=\"async\" class=\"aligncenter size-medium\" src=\"http:\/\/www.jomtien-condotel.com\/wp-content\/uploads\/20170803_151124.jpg\" alt=\"\" width=\"300\" height=\"300\" \/><\/p>\n<div style=\"text-align: center;\"><strong>Nos balcons<\/strong><\/div>\n<\/div><\/div>\n<div class=\"su-column su-column-size-1-2\"><div class=\"su-column-inner su-u-clearfix su-u-trim\">\n<img loading=\"lazy\" decoding=\"async\" class=\"aligncenter size-medium\" src=\"http:\/\/www.jomtien-condotel.com\/wp-content\/uploads\/20170802_141653-1.jpg\" alt=\"\" width=\"300\" height=\"300\" \/><\/p>\n<div style=\"text-align: center;\"><strong>La vue<\/strong><\/div>\n<\/div><\/div>\n<\/div>\n<div class=\"su-spacer\" style=\"height:40px\"><\/div>\n<h2>Internet &#038; TV<\/h2>\n<p>Notre propre r\u00e9seau Internet s\u00e9curis\u00e9 permet une navigation illimit\u00e9e sur le WWW \u00e0 grande vitesse.<\/p>\n<p>La t\u00e9l\u00e9vision allemande, autrichienne et suisse ainsi que Sky Sport sont en contact avec notre partenaire contractuel <a href=\"https:\/\/www.eurotv.asia\/\" rel=\"noopener noreferrer\" target=\"_blank\"> Euro TV Asia <\/a> -Base de demande disponible (tous les programmes disponibles deux semaines dans le pass\u00e9).<\/p>\n<p>Internet et le programme TV complet sont bien entendu gratuits pour nos clients.<\/p>\n","protected":false},"excerpt":{"rendered":"<p>Nous proposons des studios r\u00e9nov\u00e9s et enti\u00e8rement \u00e9quip\u00e9s pour vos vacances. Que ce soit 1 semaine, 1 mois ou 1 an &#8211; vous pouvez r\u00e9server individuellement avec nous. Pour des locations \u00e0 long terme pouvant aller jusqu&rsquo;\u00e0 un an ou plus, nous pouvons vous proposer nos appartements<\/p>\n","protected":false},"author":1,"featured_media":1135,"parent":0,"menu_order":0,"comment_status":"closed","ping_status":"closed","template":"","meta":{"footnotes":""},"class_list":["post-1293","page","type-page","status-publish","has-post-thumbnail","hentry"],"yoast_head":"<!-- This site is optimized with the Yoast SEO plugin v19.14 - https:\/\/yoast.com\/wordpress\/plugins\/seo\/ -->\n<title>Studios et appartements de vacances \u00e0 Jomtien Condotel Pattaya<\/title>\n<meta name=\"description\" content=\"Nous proposons des studios enti\u00e8rement \u00e9quip\u00e9s pour vos vacances - d&#039;un jour \u00e0 un an, vous pouvez r\u00e9server votre appartement de vacances individuellement.\" \/>\n<meta name=\"robots\" content=\"index, follow, max-snippet:-1, max-image-preview:large, max-video-preview:-1\" \/>\n<link rel=\"canonical\" href=\"http:\/\/www.jomtien-condotel.com\/fr\/studio-appartements\/\" \/>\n<meta property=\"og:locale\" content=\"fr_FR\" \/>\n<meta property=\"og:type\" content=\"article\" \/>\n<meta property=\"og:title\" content=\"Studios et appartements de vacances \u00e0 Jomtien Condotel Pattaya\" \/>\n<meta property=\"og:description\" content=\"Nous proposons des studios enti\u00e8rement \u00e9quip\u00e9s pour vos vacances - d&#039;un jour \u00e0 un an, vous pouvez r\u00e9server votre appartement de vacances individuellement.\" \/>\n<meta property=\"og:url\" content=\"http:\/\/www.jomtien-condotel.com\/fr\/studio-appartements\/\" \/>\n<meta property=\"og:site_name\" content=\"Jomtien Condotel\" \/>\n<meta property=\"article:modified_time\" content=\"2020-05-13T06:11:11+00:00\" \/>\n<meta property=\"og:image\" content=\"http:\/\/www.jomtien-condotel.com\/wp-content\/uploads\/cats-2.jpg\" \/>\n\t<meta property=\"og:image:width\" content=\"424\" \/>\n\t<meta property=\"og:image:height\" content=\"224\" \/>\n\t<meta property=\"og:image:type\" content=\"image\/jpeg\" \/>\n<meta name=\"twitter:card\" content=\"summary_large_image\" \/>\n<meta name=\"twitter:label1\" content=\"Dur\u00e9e de lecture estim\u00e9e\" \/>\n\t<meta name=\"twitter:data1\" content=\"3 minutes\" \/>\n<script type=\"application\/ld+json\" class=\"yoast-schema-graph\">{\"@context\":\"https:\/\/schema.org\",\"@graph\":[{\"@type\":\"WebPage\",\"@id\":\"http:\/\/www.jomtien-condotel.com\/fr\/studio-appartements\/\",\"url\":\"http:\/\/www.jomtien-condotel.com\/fr\/studio-appartements\/\",\"name\":\"Studios et appartements de vacances \u00e0 Jomtien Condotel Pattaya\",\"isPartOf\":{\"@id\":\"http:\/\/www.jomtien-condotel.com\/#website\"},\"datePublished\":\"2020-05-09T09:46:51+00:00\",\"dateModified\":\"2020-05-13T06:11:11+00:00\",\"description\":\"Nous proposons des studios enti\u00e8rement \u00e9quip\u00e9s pour vos vacances - d'un jour \u00e0 un an, vous pouvez r\u00e9server votre appartement de vacances individuellement.\",\"breadcrumb\":{\"@id\":\"http:\/\/www.jomtien-condotel.com\/fr\/studio-appartements\/#breadcrumb\"},\"inLanguage\":\"fr-FR\",\"potentialAction\":[{\"@type\":\"ReadAction\",\"target\":[\"http:\/\/www.jomtien-condotel.com\/fr\/studio-appartements\/\"]}]},{\"@type\":\"BreadcrumbList\",\"@id\":\"http:\/\/www.jomtien-condotel.com\/fr\/studio-appartements\/#breadcrumb\",\"itemListElement\":[{\"@type\":\"ListItem\",\"position\":1,\"name\":\"Startseite\",\"item\":\"http:\/\/www.jomtien-condotel.com\/fr\/\"},{\"@type\":\"ListItem\",\"position\":2,\"name\":\"Studio Appartements\"}]},{\"@type\":\"WebSite\",\"@id\":\"http:\/\/www.jomtien-condotel.com\/#website\",\"url\":\"http:\/\/www.jomtien-condotel.com\/\",\"name\":\"Jomtien Condotel\",\"description\":\"Appartements et Maisons de Vacances\",\"potentialAction\":[{\"@type\":\"SearchAction\",\"target\":{\"@type\":\"EntryPoint\",\"urlTemplate\":\"http:\/\/www.jomtien-condotel.com\/?s={search_term_string}\"},\"query-input\":\"required name=search_term_string\"}],\"inLanguage\":\"fr-FR\"}]}<\/script>\n<!-- \/ Yoast SEO plugin. -->","yoast_head_json":{"title":"Studios et appartements de vacances \u00e0 Jomtien Condotel Pattaya","description":"Nous proposons des studios enti\u00e8rement \u00e9quip\u00e9s pour vos vacances - d'un jour \u00e0 un an, vous pouvez r\u00e9server votre appartement de vacances individuellement.","robots":{"index":"index","follow":"follow","max-snippet":"max-snippet:-1","max-image-preview":"max-image-preview:large","max-video-preview":"max-video-preview:-1"},"canonical":"http:\/\/www.jomtien-condotel.com\/fr\/studio-appartements\/","og_locale":"fr_FR","og_type":"article","og_title":"Studios et appartements de vacances \u00e0 Jomtien Condotel Pattaya","og_description":"Nous proposons des studios enti\u00e8rement \u00e9quip\u00e9s pour vos vacances - d'un jour \u00e0 un an, vous pouvez r\u00e9server votre appartement de vacances individuellement.","og_url":"http:\/\/www.jomtien-condotel.com\/fr\/studio-appartements\/","og_site_name":"Jomtien Condotel","article_modified_time":"2020-05-13T06:11:11+00:00","og_image":[{"width":"424","height":"224","url":"http:\/\/www.jomtien-condotel.com\/wp-content\/uploads\/cats-2.jpg","type":"image\/jpeg"}],"twitter_card":"summary_large_image","twitter_misc":{"Dur\u00e9e de lecture estim\u00e9e":"3 minutes"},"schema":{"@context":"https:\/\/schema.org","@graph":[{"@type":"WebPage","@id":"http:\/\/www.jomtien-condotel.com\/fr\/studio-appartements\/","url":"http:\/\/www.jomtien-condotel.com\/fr\/studio-appartements\/","name":"Studios et appartements de vacances \u00e0 Jomtien Condotel Pattaya","isPartOf":{"@id":"http:\/\/www.jomtien-condotel.com\/#website"},"datePublished":"2020-05-09T09:46:51+00:00","dateModified":"2020-05-13T06:11:11+00:00","description":"Nous proposons des studios enti\u00e8rement \u00e9quip\u00e9s pour vos vacances - d'un jour \u00e0 un an, vous pouvez r\u00e9server votre appartement de vacances individuellement.","breadcrumb":{"@id":"http:\/\/www.jomtien-condotel.com\/fr\/studio-appartements\/#breadcrumb"},"inLanguage":"fr-FR","potentialAction":[{"@type":"ReadAction","target":["http:\/\/www.jomtien-condotel.com\/fr\/studio-appartements\/"]}]},{"@type":"BreadcrumbList","@id":"http:\/\/www.jomtien-condotel.com\/fr\/studio-appartements\/#breadcrumb","itemListElement":[{"@type":"ListItem","position":1,"name":"Startseite","item":"http:\/\/www.jomtien-condotel.com\/fr\/"},{"@type":"ListItem","position":2,"name":"Studio Appartements"}]},{"@type":"WebSite","@id":"http:\/\/www.jomtien-condotel.com\/#website","url":"http:\/\/www.jomtien-condotel.com\/","name":"Jomtien Condotel","description":"Appartements et Maisons de Vacances","potentialAction":[{"@type":"SearchAction","target":{"@type":"EntryPoint","urlTemplate":"http:\/\/www.jomtien-condotel.com\/?s={search_term_string}"},"query-input":"required name=search_term_string"}],"inLanguage":"fr-FR"}]}},"_links":{"self":[{"href":"http:\/\/www.jomtien-condotel.com\/fr\/wp-json\/wp\/v2\/pages\/1293"}],"collection":[{"href":"http:\/\/www.jomtien-condotel.com\/fr\/wp-json\/wp\/v2\/pages"}],"about":[{"href":"http:\/\/www.jomtien-condotel.com\/fr\/wp-json\/wp\/v2\/types\/page"}],"author":[{"embeddable":true,"href":"http:\/\/www.jomtien-condotel.com\/fr\/wp-json\/wp\/v2\/users\/1"}],"replies":[{"embeddable":true,"href":"http:\/\/www.jomtien-condotel.com\/fr\/wp-json\/wp\/v2\/comments?post=1293"}],"version-history":[{"count":0,"href":"http:\/\/www.jomtien-condotel.com\/fr\/wp-json\/wp\/v2\/pages\/1293\/revisions"}],"wp:featuredmedia":[{"embeddable":true,"href":"http:\/\/www.jomtien-condotel.com\/fr\/wp-json\/wp\/v2\/media\/1135"}],"wp:attachment":[{"href":"http:\/\/www.jomtien-condotel.com\/fr\/wp-json\/wp\/v2\/media?parent=1293"}],"curies":[{"name":"wp","href":"https:\/\/api.w.org\/{rel}","templated":true}]}}