{"id":1286,"date":"2020-05-07T10:27:51","date_gmt":"2020-05-07T08:27:51","guid":{"rendered":"http:\/\/www.jomtien-condotel.com\/?page_id=1286"},"modified":"2026-01-26T11:57:49","modified_gmt":"2026-01-26T10:57:49","slug":"prix","status":"publish","type":"page","link":"http:\/\/www.jomtien-condotel.com\/fr\/prix\/","title":{"rendered":"Prix saison 2026\/2027\/2028"},"content":{"rendered":"<p>Les prix suivants sont valables pour la haute saison du 1er octobre 2022 au 31 mars 2024. Les offres pour la basse saison du 1er avril 2022 au 30 septembre 2022 sont disponibles sur demande.<\/p>\n<div class=\"su-spacer\" style=\"height:30px\"><\/div>\n<h3>Studios r\u00e9nov\u00e9s avec salles de bains modernes et cuisine enti\u00e8rement \u00e9quip\u00e9e et balcon<\/h3>\n<div class=\"su-spacer\" style=\"height:30px\"><\/div>\n<p>Enti\u00e8rement meubl\u00e9 avec climatisation neuve, lit king-size, coin repas, t\u00e9l\u00e9vision \u00e0 \u00e9cran plat, coffre-fort, mobilier de balcon, draps, serviettes de bain et couvertures. La t\u00e9l\u00e9vision europ\u00e9enne et l&rsquo;internet rapide sont inclus dans le prix.<\/p>\n<div class=\"su-spacer\" style=\"height:30px\"><\/div>\n<p><strong>Tarifs de location et offres de services en cours pour la haute saison 2022\/2024 &gt;&gt; Studios 36 qm &lt;&lt;<\/strong><\/p>\n<div class=\"su-spacer\" style=\"height:30px\"><\/div>\n\n<table id=\"tablepress-5\" class=\"tablepress tablepress-id-5\">\n<thead>\n<tr class=\"row-1 odd\">\n\t<th class=\"column-1\">P\u00e9riode<\/th><th class=\"column-2\">Prix<\/th><th class=\"column-3\">Le service<\/th><th class=\"column-4\"><\/th>\n<\/tr>\n<\/thead>\n<tbody class=\"row-hover\">\n<tr class=\"row-2 even\">\n\t<td class=\"column-1\">1 Jour<\/td><td class=\"column-2\">1.500 THB<\/td><td class=\"column-3\">all inclusive<\/td><td class=\"column-4\"><\/td>\n<\/tr>\n<tr class=\"row-3 odd\">\n\t<td class=\"column-1\">1 Semaine<\/td><td class=\"column-2\">9.000 THB<\/td><td class=\"column-3\">incl. Service*<\/td><td class=\"column-4\"><\/td>\n<\/tr>\n<tr class=\"row-4 even\">\n\t<td class=\"column-1\">2 Semaines<\/td><td class=\"column-2\">16.000 THB<\/td><td class=\"column-3\">incl. Service*<\/td><td class=\"column-4\"><\/td>\n<\/tr>\n<tr class=\"row-5 odd\">\n\t<td class=\"column-1\">3 Semaines<\/td><td class=\"column-2\">20.000 THB<\/td><td class=\"column-3\">incl. Service*<\/td><td class=\"column-4\"><\/td>\n<\/tr>\n<tr class=\"row-6 even\">\n\t<td class=\"column-1\"><strong>1 Mois<\/strong><\/td><td class=\"column-2\"><strong>24.000 THB<\/strong><\/td><td class=\"column-3\"><strong>incl. Service*<\/strong><\/td><td class=\"column-4\"><\/td>\n<\/tr>\n<tr class=\"row-7 odd\">\n\t<td class=\"column-1\"><\/td><td class=\"column-2\"><\/td><td class=\"column-3\"><\/td><td class=\"column-4\"><\/td>\n<\/tr>\n<tr class=\"row-8 even\">\n\t<td class=\"column-1\">\u00e0 partir de 6 mois<\/td><td class=\"column-2\">sur demande!<\/td><td class=\"column-3\">incl. Service*<\/td><td class=\"column-4\"><\/td>\n<\/tr>\n<\/tbody>\n<\/table>\n<!-- #tablepress-5 from cache -->\n<div class=\"su-spacer\" style=\"height:30px\"><\/div>\n<h3>Appartements r\u00e9nov\u00e9s de 2 pi\u00e8ces avec salles de bains modernes et cuisine enti\u00e8rement \u00e9quip\u00e9e et balcon<\/h3>\n<div class=\"su-spacer\" style=\"height:30px\"><\/div>\n<p>S\u00e9jour avec cuisine int\u00e9gr\u00e9e enti\u00e8rement \u00e9quip\u00e9e, lave-linge et balcon. Chambre avec lit king-size, dressing, bureau et balcon.<br \/>\nEnti\u00e8rement meubl\u00e9 avec climatisation neuve, lit king-size, coin repas, t\u00e9l\u00e9vision \u00e0 \u00e9cran plat, coffre-fort, mobilier de balcon, draps, serviettes de bain et couvertures. La t\u00e9l\u00e9vision europ\u00e9enne et l&rsquo;internet rapide sont inclus dans le prix.<\/p>\n<div class=\"su-spacer\" style=\"height:30px\"><\/div>\n<p><strong>Tarifs de location et offres de services en cours pour la haute saison 2025\/2026 &gt;&gt; Appartements 2 chambres 72 qm &lt;&lt;<\/strong><\/p>\n<div class=\"su-spacer\" style=\"height:30px\"><\/div>\n\n<table id=\"tablepress-6\" class=\"tablepress tablepress-id-6\">\n<thead>\n<tr class=\"row-1 odd\">\n\t<th class=\"column-1\">P\u00e9riode<\/th><th class=\"column-2\">Prix<\/th><th class=\"column-3\">Le service<\/th><th class=\"column-4\"><\/th>\n<\/tr>\n<\/thead>\n<tbody class=\"row-hover\">\n<tr class=\"row-2 even\">\n\t<td class=\"column-1\">1 Jour<\/td><td class=\"column-2\">2.500 THB<\/td><td class=\"column-3\">all inclusive<\/td><td class=\"column-4\"><\/td>\n<\/tr>\n<tr class=\"row-3 odd\">\n\t<td class=\"column-1\">1 Semaine<\/td><td class=\"column-2\">16.000 THB<\/td><td class=\"column-3\">incl. Service*<\/td><td class=\"column-4\"><\/td>\n<\/tr>\n<tr class=\"row-4 even\">\n\t<td class=\"column-1\">2 Semaines<\/td><td class=\"column-2\">27.000 THB<\/td><td class=\"column-3\">incl. Service*<\/td><td class=\"column-4\"><\/td>\n<\/tr>\n<tr class=\"row-5 odd\">\n\t<td class=\"column-1\">3 Semaine<\/td><td class=\"column-2\">33.000 THB<\/td><td class=\"column-3\">incl. Service*<\/td><td class=\"column-4\"><\/td>\n<\/tr>\n<tr class=\"row-6 even\">\n\t<td class=\"column-1\"><strong>1 Mois<\/strong><\/td><td class=\"column-2\"><strong>39.000 THB<\/strong><\/td><td class=\"column-3\"><strong>incl. Service*<\/strong><\/td><td class=\"column-4\"><\/td>\n<\/tr>\n<tr class=\"row-7 odd\">\n\t<td class=\"column-1\">\u00e0 partir de 6 mois<\/td><td class=\"column-2\">sur demande!<\/td><td class=\"column-3\">incl. Service*<\/td><td class=\"column-4\"><\/td>\n<\/tr>\n<\/tbody>\n<\/table>\n<!-- #tablepress-6 from cache -->\n<div class=\"su-spacer\" style=\"height:30px\"><\/div>\n<div class=\"su-row\"><div class=\"su-column su-column-size-1-2\"><div class=\"su-column-inner su-u-clearfix su-u-trim\">\n<div style=\"width: 300px; text-align: center; margin: auto;\"><iframe loading=\"lazy\" id=\"iframe\" src=\"https:\/\/www.umrechner-euro.de\/widget\/widget.php?v=2&amp;width=400&amp;components=r&amp;kursStart=THB&amp;calcView=one&amp;calcStartCountry=THB&amp;calcEndCountry=EUR&amp;kursCountries=EUR-CHF-USD-GBP-&amp;tableView=buttonAll&amp;tableCountry=USD&amp;borderColor=CCCCCC&amp;headerBackground=0080FF&amp;headerColor=FFFFFF&amp;fontColor=000000&amp;boxBackground=F7F7F7&amp;linkColor=FF7A00&amp;tableHead=ADADAD&amp;tableHeadColor=FFFFFF&amp;tableBackground=FFFFFF&amp;tableRowColor=000000&amp;buttonBackground=FF7A00&amp;buttonColor=FFFFFF&amp;fontFamily=Arial&amp;fontHeadSize=12&amp;fontContentSize=12\" name=\"iframe\" width=\"400\" height=\"194\" frameborder=\"0\" marginwidth=\"0\" marginheight=\"0\" scrolling=\"no\"><\/iframe><\/div>\n<\/div><\/div>\n<div class=\"su-column su-column-size-1-2\"><div class=\"su-column-inner su-u-clearfix su-u-trim\">\n<div style=\"width: 300px; text-align: center; margin: auto;\"><iframe loading=\"lazy\" id=\"iframe\" src=\"https:\/\/www.umrechner-euro.de\/widget\/widget.php?v=2&amp;width=250&amp;components=k&amp;kursStart=THB&amp;calcView=one&amp;calcStartCountry=THB&amp;calcEndCountry=EUR&amp;kursCountries=EUR-CHF-USD-GBP-&amp;tableView=buttonAll&amp;tableCountry=USD&amp;borderColor=CCCCCC&amp;headerBackground=0080FF&amp;headerColor=FFFFFF&amp;fontColor=000&amp;boxBackground=0080FF&amp;linkColor=FF7A00&amp;tableHead=ADADAD&amp;tableHeadColor=FFFFFF&amp;tableBackground=FFFFFF&amp;tableRowColor=000000&amp;buttonBackground=FF7A00&amp;buttonColor=FFFFFF&amp;fontFamily=Arial&amp;fontHeadSize=12&amp;fontContentSize=12\" name=\"iframe\" width=\"250\" height=\"168\" frameborder=\"0\" marginwidth=\"0\" marginheight=\"0\" scrolling=\"no\"><\/iframe><\/div>\n<\/div><\/div><\/div>\n<div class=\"su-spacer\" style=\"height:30px\"><\/div>\n<p><strong>* Notre service hebdomadaire complet et le nettoyage complet du condo sont d\u00e9j\u00e0 inclus dans le prix de la location.<\/strong><\/p>\n<p>Le nettoyage hebdomadaire de votre condo comprend le changement de tous les draps, couvertures et serviettes de bain. Des torchons, du d\u00e9tergent, du papier toilette, etc. sont \u00e9galement r\u00e9guli\u00e8rement inclus.<\/p>\n<div class=\"su-spacer\" style=\"height:30px\"><\/div>\n<p><strong>* Les frais d&rsquo;\u00e9lectricit\u00e9 et d&rsquo;eau sont g\u00e9n\u00e9ralement factur\u00e9s s\u00e9par\u00e9ment en fonction de la consommation au d\u00e9part ou pour des r\u00e9servations plus longues \u00e0 la fin de chaque mois.<\/strong><\/p>\n<div class=\"su-spacer\" style=\"height:30px\"><\/div>\n<p><a href=\"https:\/\/www.umrechner-euro.de\/umrechnung-baht\" target=\"_blank\" rel=\"noopener noreferrer\">Umrechnung Baht &#8211; umrechner-euro.de<\/a><\/p>\n","protected":false},"excerpt":{"rendered":"<p>Les prix suivants sont valables pour la haute saison du 1er octobre 2022 au 31 mars 2024. Les offres pour la basse saison du 1er avril 2022 au 30 septembre 2022 sont disponibles sur demande. Studios r\u00e9nov\u00e9s avec salles de bains modernes et cuisine enti\u00e8rement \u00e9quip\u00e9e et<\/p>\n","protected":false},"author":1,"featured_media":0,"parent":0,"menu_order":0,"comment_status":"closed","ping_status":"closed","template":"","meta":{"footnotes":""},"class_list":["post-1286","page","type-page","status-publish","hentry"],"yoast_head":"<!-- This site is optimized with the Yoast SEO plugin v19.14 - https:\/\/yoast.com\/wordpress\/plugins\/seo\/ -->\n<title>Prix saison 2025\/2026 - Jomtien Condotel &amp; Village Pattaya Thailand<\/title>\n<meta name=\"description\" content=\"Vous trouverez ici notre liste de prix actuelle pour nos appartements de vacances \u00e0 Jomtien Condotel Pattaya pour la saison 2020\/2021.\" \/>\n<meta name=\"robots\" content=\"index, follow, max-snippet:-1, max-image-preview:large, max-video-preview:-1\" \/>\n<link rel=\"canonical\" href=\"http:\/\/www.jomtien-condotel.com\/fr\/prix\/\" \/>\n<meta property=\"og:locale\" content=\"fr_FR\" \/>\n<meta property=\"og:type\" content=\"article\" \/>\n<meta property=\"og:title\" content=\"Prix saison 2025\/2026 - Jomtien Condotel &amp; Village Pattaya Thailand\" \/>\n<meta property=\"og:description\" content=\"Vous trouverez ici notre liste de prix actuelle pour nos appartements de vacances \u00e0 Jomtien Condotel Pattaya pour la saison 2020\/2021.\" \/>\n<meta property=\"og:url\" content=\"http:\/\/www.jomtien-condotel.com\/fr\/prix\/\" \/>\n<meta property=\"og:site_name\" content=\"Jomtien Condotel\" \/>\n<meta property=\"article:modified_time\" content=\"2026-01-26T10:57:49+00:00\" \/>\n<meta name=\"twitter:card\" content=\"summary_large_image\" \/>\n<meta name=\"twitter:label1\" content=\"Dur\u00e9e de lecture estim\u00e9e\" \/>\n\t<meta name=\"twitter:data1\" content=\"2 minutes\" \/>\n<script type=\"application\/ld+json\" class=\"yoast-schema-graph\">{\"@context\":\"https:\/\/schema.org\",\"@graph\":[{\"@type\":\"WebPage\",\"@id\":\"http:\/\/www.jomtien-condotel.com\/fr\/prix\/\",\"url\":\"http:\/\/www.jomtien-condotel.com\/fr\/prix\/\",\"name\":\"Prix saison 2025\/2026 - Jomtien Condotel & Village Pattaya Thailand\",\"isPartOf\":{\"@id\":\"http:\/\/www.jomtien-condotel.com\/#website\"},\"datePublished\":\"2020-05-07T08:27:51+00:00\",\"dateModified\":\"2026-01-26T10:57:49+00:00\",\"description\":\"Vous trouverez ici notre liste de prix actuelle pour nos appartements de vacances \u00e0 Jomtien Condotel Pattaya pour la saison 2020\/2021.\",\"breadcrumb\":{\"@id\":\"http:\/\/www.jomtien-condotel.com\/fr\/prix\/#breadcrumb\"},\"inLanguage\":\"fr-FR\",\"potentialAction\":[{\"@type\":\"ReadAction\",\"target\":[\"http:\/\/www.jomtien-condotel.com\/fr\/prix\/\"]}]},{\"@type\":\"BreadcrumbList\",\"@id\":\"http:\/\/www.jomtien-condotel.com\/fr\/prix\/#breadcrumb\",\"itemListElement\":[{\"@type\":\"ListItem\",\"position\":1,\"name\":\"Startseite\",\"item\":\"http:\/\/www.jomtien-condotel.com\/fr\/\"},{\"@type\":\"ListItem\",\"position\":2,\"name\":\"Prix saison 2026\/2027\/2028\"}]},{\"@type\":\"WebSite\",\"@id\":\"http:\/\/www.jomtien-condotel.com\/#website\",\"url\":\"http:\/\/www.jomtien-condotel.com\/\",\"name\":\"Jomtien Condotel\",\"description\":\"Appartements et Maisons de Vacances\",\"potentialAction\":[{\"@type\":\"SearchAction\",\"target\":{\"@type\":\"EntryPoint\",\"urlTemplate\":\"http:\/\/www.jomtien-condotel.com\/?s={search_term_string}\"},\"query-input\":\"required name=search_term_string\"}],\"inLanguage\":\"fr-FR\"}]}<\/script>\n<!-- \/ Yoast SEO plugin. -->","yoast_head_json":{"title":"Prix saison 2025\/2026 - Jomtien Condotel & Village Pattaya Thailand","description":"Vous trouverez ici notre liste de prix actuelle pour nos appartements de vacances \u00e0 Jomtien Condotel Pattaya pour la saison 2020\/2021.","robots":{"index":"index","follow":"follow","max-snippet":"max-snippet:-1","max-image-preview":"max-image-preview:large","max-video-preview":"max-video-preview:-1"},"canonical":"http:\/\/www.jomtien-condotel.com\/fr\/prix\/","og_locale":"fr_FR","og_type":"article","og_title":"Prix saison 2025\/2026 - Jomtien Condotel & Village Pattaya Thailand","og_description":"Vous trouverez ici notre liste de prix actuelle pour nos appartements de vacances \u00e0 Jomtien Condotel Pattaya pour la saison 2020\/2021.","og_url":"http:\/\/www.jomtien-condotel.com\/fr\/prix\/","og_site_name":"Jomtien Condotel","article_modified_time":"2026-01-26T10:57:49+00:00","twitter_card":"summary_large_image","twitter_misc":{"Dur\u00e9e de lecture estim\u00e9e":"2 minutes"},"schema":{"@context":"https:\/\/schema.org","@graph":[{"@type":"WebPage","@id":"http:\/\/www.jomtien-condotel.com\/fr\/prix\/","url":"http:\/\/www.jomtien-condotel.com\/fr\/prix\/","name":"Prix saison 2025\/2026 - Jomtien Condotel & Village Pattaya Thailand","isPartOf":{"@id":"http:\/\/www.jomtien-condotel.com\/#website"},"datePublished":"2020-05-07T08:27:51+00:00","dateModified":"2026-01-26T10:57:49+00:00","description":"Vous trouverez ici notre liste de prix actuelle pour nos appartements de vacances \u00e0 Jomtien Condotel Pattaya pour la saison 2020\/2021.","breadcrumb":{"@id":"http:\/\/www.jomtien-condotel.com\/fr\/prix\/#breadcrumb"},"inLanguage":"fr-FR","potentialAction":[{"@type":"ReadAction","target":["http:\/\/www.jomtien-condotel.com\/fr\/prix\/"]}]},{"@type":"BreadcrumbList","@id":"http:\/\/www.jomtien-condotel.com\/fr\/prix\/#breadcrumb","itemListElement":[{"@type":"ListItem","position":1,"name":"Startseite","item":"http:\/\/www.jomtien-condotel.com\/fr\/"},{"@type":"ListItem","position":2,"name":"Prix saison 2026\/2027\/2028"}]},{"@type":"WebSite","@id":"http:\/\/www.jomtien-condotel.com\/#website","url":"http:\/\/www.jomtien-condotel.com\/","name":"Jomtien Condotel","description":"Appartements et Maisons de Vacances","potentialAction":[{"@type":"SearchAction","target":{"@type":"EntryPoint","urlTemplate":"http:\/\/www.jomtien-condotel.com\/?s={search_term_string}"},"query-input":"required name=search_term_string"}],"inLanguage":"fr-FR"}]}},"_links":{"self":[{"href":"http:\/\/www.jomtien-condotel.com\/fr\/wp-json\/wp\/v2\/pages\/1286"}],"collection":[{"href":"http:\/\/www.jomtien-condotel.com\/fr\/wp-json\/wp\/v2\/pages"}],"about":[{"href":"http:\/\/www.jomtien-condotel.com\/fr\/wp-json\/wp\/v2\/types\/page"}],"author":[{"embeddable":true,"href":"http:\/\/www.jomtien-condotel.com\/fr\/wp-json\/wp\/v2\/users\/1"}],"replies":[{"embeddable":true,"href":"http:\/\/www.jomtien-condotel.com\/fr\/wp-json\/wp\/v2\/comments?post=1286"}],"version-history":[{"count":1,"href":"http:\/\/www.jomtien-condotel.com\/fr\/wp-json\/wp\/v2\/pages\/1286\/revisions"}],"predecessor-version":[{"id":1528,"href":"http:\/\/www.jomtien-condotel.com\/fr\/wp-json\/wp\/v2\/pages\/1286\/revisions\/1528"}],"wp:attachment":[{"href":"http:\/\/www.jomtien-condotel.com\/fr\/wp-json\/wp\/v2\/media?parent=1286"}],"curies":[{"name":"wp","href":"https:\/\/api.w.org\/{rel}","templated":true}]}}