{"id":1232,"date":"2020-04-28T10:23:44","date_gmt":"2020-04-28T08:23:44","guid":{"rendered":"http:\/\/www.jomtien-condotel.com\/?page_id=1232"},"modified":"2020-04-28T10:23:44","modified_gmt":"2020-04-28T08:23:44","slug":"restaurant","status":"publish","type":"page","link":"http:\/\/www.jomtien-condotel.com\/fr\/complexe\/restaurant\/","title":{"rendered":"Restaurant"},"content":{"rendered":"<p>Un <strong>restaurant de piscine<\/strong> nouvellement con\u00e7u de la cha\u00eene continentale avec une terrasse couverte propose des plats tha\u00eflandais et internationaux. Une grande s\u00e9lection de petits d\u00e9jeuners et bien s\u00fbr du caf\u00e9 et des g\u00e2teaux compl\u00e8tent l&rsquo;offre.<\/p>\n<div class=\"su-spacer\" style=\"height:30px\"><\/div>\n<div class=\"su-row\">\n<div class=\"su-column su-column-size-1-2\"><div class=\"su-column-inner su-u-clearfix su-u-trim\">\n<img loading=\"lazy\" decoding=\"async\" src=\"http:\/\/www.jomtien-condotel.com\/wp-content\/uploads\/jomtien-condotel_restaurant_1-scaled.jpg\" alt=\"\" width=\"1240\" height=\"698\" class=\"aligncenter size-full wp-image-1223\" \/><br \/>\n<\/div><\/div>\n<div class=\"su-column su-column-size-1-2\"><div class=\"su-column-inner su-u-clearfix su-u-trim\">\n<img loading=\"lazy\" decoding=\"async\" src=\"http:\/\/www.jomtien-condotel.com\/wp-content\/uploads\/jomtien-condotel_restaurant_2-scaled.jpg\" alt=\"\" width=\"1240\" height=\"698\" class=\"aligncenter size-full wp-image-1227\" \/><br \/>\n<\/div><\/div>\n<\/div>\n<div class=\"su-spacer\" style=\"height:30px\"><\/div>\n<p><strong>Le restaurant de la piscine est ouvert de 8h \u00e0 21h en haute saison.<\/strong><\/p>\n","protected":false},"excerpt":{"rendered":"<p>Un restaurant de piscine nouvellement con\u00e7u de la cha\u00eene continentale avec une terrasse couverte propose des plats tha\u00eflandais et internationaux. Une grande s\u00e9lection de petits d\u00e9jeuners et bien s\u00fbr du caf\u00e9 et des g\u00e2teaux compl\u00e8tent l&rsquo;offre. Le restaurant de la piscine est ouvert de 8h \u00e0 21h<\/p>\n","protected":false},"author":1,"featured_media":0,"parent":1255,"menu_order":0,"comment_status":"closed","ping_status":"closed","template":"","meta":{"footnotes":""},"class_list":["post-1232","page","type-page","status-publish","hentry"],"yoast_head":"<!-- This site is optimized with the Yoast SEO plugin v19.14 - https:\/\/yoast.com\/wordpress\/plugins\/seo\/ -->\n<title>Restaurant - Jomtien Condotel &amp; Village Pattaya Thailand<\/title>\n<meta name=\"description\" content=\"Le restaurant de la piscine avec terrasse couverte propose des plats tha\u00eflandais et internationaux, une grande s\u00e9lection de petits-d\u00e9jeuners ainsi que du caf\u00e9 et des g\u00e2teaux.\" \/>\n<meta name=\"robots\" content=\"index, follow, max-snippet:-1, max-image-preview:large, max-video-preview:-1\" \/>\n<link rel=\"canonical\" href=\"http:\/\/www.jomtien-condotel.com\/fr\/complexe\/restaurant\/\" \/>\n<meta property=\"og:locale\" content=\"fr_FR\" \/>\n<meta property=\"og:type\" content=\"article\" \/>\n<meta property=\"og:title\" content=\"Restaurant - Jomtien Condotel &amp; Village Pattaya Thailand\" \/>\n<meta property=\"og:description\" content=\"Le restaurant de la piscine avec terrasse couverte propose des plats tha\u00eflandais et internationaux, une grande s\u00e9lection de petits-d\u00e9jeuners ainsi que du caf\u00e9 et des g\u00e2teaux.\" \/>\n<meta property=\"og:url\" content=\"http:\/\/www.jomtien-condotel.com\/fr\/complexe\/restaurant\/\" \/>\n<meta property=\"og:site_name\" content=\"Jomtien Condotel\" \/>\n<meta property=\"og:image\" content=\"http:\/\/www.jomtien-condotel.com\/wp-content\/uploads\/jomtien-condotel_restaurant_1.jpg\" \/>\n<meta name=\"twitter:card\" content=\"summary_large_image\" \/>\n<script type=\"application\/ld+json\" class=\"yoast-schema-graph\">{\"@context\":\"https:\/\/schema.org\",\"@graph\":[{\"@type\":\"WebPage\",\"@id\":\"http:\/\/www.jomtien-condotel.com\/fr\/complexe\/restaurant\/\",\"url\":\"http:\/\/www.jomtien-condotel.com\/fr\/complexe\/restaurant\/\",\"name\":\"Restaurant - Jomtien Condotel & Village Pattaya Thailand\",\"isPartOf\":{\"@id\":\"http:\/\/www.jomtien-condotel.com\/#website\"},\"datePublished\":\"2020-04-28T08:23:44+00:00\",\"dateModified\":\"2020-04-28T08:23:44+00:00\",\"description\":\"Le restaurant de la piscine avec terrasse couverte propose des plats tha\u00eflandais et internationaux, une grande s\u00e9lection de petits-d\u00e9jeuners ainsi que du caf\u00e9 et des g\u00e2teaux.\",\"breadcrumb\":{\"@id\":\"http:\/\/www.jomtien-condotel.com\/fr\/complexe\/restaurant\/#breadcrumb\"},\"inLanguage\":\"fr-FR\",\"potentialAction\":[{\"@type\":\"ReadAction\",\"target\":[\"http:\/\/www.jomtien-condotel.com\/fr\/complexe\/restaurant\/\"]}]},{\"@type\":\"BreadcrumbList\",\"@id\":\"http:\/\/www.jomtien-condotel.com\/fr\/complexe\/restaurant\/#breadcrumb\",\"itemListElement\":[{\"@type\":\"ListItem\",\"position\":1,\"name\":\"Startseite\",\"item\":\"http:\/\/www.jomtien-condotel.com\/fr\/\"},{\"@type\":\"ListItem\",\"position\":2,\"name\":\"Complexe\",\"item\":\"http:\/\/www.jomtien-condotel.com\/fr\/complexe\/\"},{\"@type\":\"ListItem\",\"position\":3,\"name\":\"Restaurant\"}]},{\"@type\":\"WebSite\",\"@id\":\"http:\/\/www.jomtien-condotel.com\/#website\",\"url\":\"http:\/\/www.jomtien-condotel.com\/\",\"name\":\"Jomtien Condotel\",\"description\":\"Appartements et Maisons de Vacances\",\"potentialAction\":[{\"@type\":\"SearchAction\",\"target\":{\"@type\":\"EntryPoint\",\"urlTemplate\":\"http:\/\/www.jomtien-condotel.com\/?s={search_term_string}\"},\"query-input\":\"required name=search_term_string\"}],\"inLanguage\":\"fr-FR\"}]}<\/script>\n<!-- \/ Yoast SEO plugin. -->","yoast_head_json":{"title":"Restaurant - Jomtien Condotel & Village Pattaya Thailand","description":"Le restaurant de la piscine avec terrasse couverte propose des plats tha\u00eflandais et internationaux, une grande s\u00e9lection de petits-d\u00e9jeuners ainsi que du caf\u00e9 et des g\u00e2teaux.","robots":{"index":"index","follow":"follow","max-snippet":"max-snippet:-1","max-image-preview":"max-image-preview:large","max-video-preview":"max-video-preview:-1"},"canonical":"http:\/\/www.jomtien-condotel.com\/fr\/complexe\/restaurant\/","og_locale":"fr_FR","og_type":"article","og_title":"Restaurant - Jomtien Condotel & Village Pattaya Thailand","og_description":"Le restaurant de la piscine avec terrasse couverte propose des plats tha\u00eflandais et internationaux, une grande s\u00e9lection de petits-d\u00e9jeuners ainsi que du caf\u00e9 et des g\u00e2teaux.","og_url":"http:\/\/www.jomtien-condotel.com\/fr\/complexe\/restaurant\/","og_site_name":"Jomtien Condotel","og_image":[{"url":"http:\/\/www.jomtien-condotel.com\/wp-content\/uploads\/jomtien-condotel_restaurant_1.jpg"}],"twitter_card":"summary_large_image","schema":{"@context":"https:\/\/schema.org","@graph":[{"@type":"WebPage","@id":"http:\/\/www.jomtien-condotel.com\/fr\/complexe\/restaurant\/","url":"http:\/\/www.jomtien-condotel.com\/fr\/complexe\/restaurant\/","name":"Restaurant - Jomtien Condotel & Village Pattaya Thailand","isPartOf":{"@id":"http:\/\/www.jomtien-condotel.com\/#website"},"datePublished":"2020-04-28T08:23:44+00:00","dateModified":"2020-04-28T08:23:44+00:00","description":"Le restaurant de la piscine avec terrasse couverte propose des plats tha\u00eflandais et internationaux, une grande s\u00e9lection de petits-d\u00e9jeuners ainsi que du caf\u00e9 et des g\u00e2teaux.","breadcrumb":{"@id":"http:\/\/www.jomtien-condotel.com\/fr\/complexe\/restaurant\/#breadcrumb"},"inLanguage":"fr-FR","potentialAction":[{"@type":"ReadAction","target":["http:\/\/www.jomtien-condotel.com\/fr\/complexe\/restaurant\/"]}]},{"@type":"BreadcrumbList","@id":"http:\/\/www.jomtien-condotel.com\/fr\/complexe\/restaurant\/#breadcrumb","itemListElement":[{"@type":"ListItem","position":1,"name":"Startseite","item":"http:\/\/www.jomtien-condotel.com\/fr\/"},{"@type":"ListItem","position":2,"name":"Complexe","item":"http:\/\/www.jomtien-condotel.com\/fr\/complexe\/"},{"@type":"ListItem","position":3,"name":"Restaurant"}]},{"@type":"WebSite","@id":"http:\/\/www.jomtien-condotel.com\/#website","url":"http:\/\/www.jomtien-condotel.com\/","name":"Jomtien Condotel","description":"Appartements et Maisons de Vacances","potentialAction":[{"@type":"SearchAction","target":{"@type":"EntryPoint","urlTemplate":"http:\/\/www.jomtien-condotel.com\/?s={search_term_string}"},"query-input":"required name=search_term_string"}],"inLanguage":"fr-FR"}]}},"_links":{"self":[{"href":"http:\/\/www.jomtien-condotel.com\/fr\/wp-json\/wp\/v2\/pages\/1232"}],"collection":[{"href":"http:\/\/www.jomtien-condotel.com\/fr\/wp-json\/wp\/v2\/pages"}],"about":[{"href":"http:\/\/www.jomtien-condotel.com\/fr\/wp-json\/wp\/v2\/types\/page"}],"author":[{"embeddable":true,"href":"http:\/\/www.jomtien-condotel.com\/fr\/wp-json\/wp\/v2\/users\/1"}],"replies":[{"embeddable":true,"href":"http:\/\/www.jomtien-condotel.com\/fr\/wp-json\/wp\/v2\/comments?post=1232"}],"version-history":[{"count":0,"href":"http:\/\/www.jomtien-condotel.com\/fr\/wp-json\/wp\/v2\/pages\/1232\/revisions"}],"up":[{"embeddable":true,"href":"http:\/\/www.jomtien-condotel.com\/fr\/wp-json\/wp\/v2\/pages\/1255"}],"wp:attachment":[{"href":"http:\/\/www.jomtien-condotel.com\/fr\/wp-json\/wp\/v2\/media?parent=1232"}],"curies":[{"name":"wp","href":"https:\/\/api.w.org\/{rel}","templated":true}]}}