{"id":1222,"date":"2020-04-28T10:00:20","date_gmt":"2020-04-28T08:00:20","guid":{"rendered":"http:\/\/www.jomtien-condotel.com\/?page_id=1222"},"modified":"2020-04-28T10:00:20","modified_gmt":"2020-04-28T08:00:20","slug":"tennis","status":"publish","type":"page","link":"http:\/\/www.jomtien-condotel.com\/fr\/complexe\/tennis\/","title":{"rendered":"Tennis"},"content":{"rendered":"<p><strong>Trois courts de tennis<\/strong> r\u00e9cemment r\u00e9nov\u00e9s sont disponibles pour les amateurs de tennis.<\/p>\n<div class=\"su-spacer\" style=\"height:30px\"><\/div>\n<p>Pour les propri\u00e9taires ou locataires de notre \u00e9tablissement, l&rsquo;utilisation est bien entendu gratuite apr\u00e8s notification pr\u00e9alable.<\/p>\n<div class=\"su-spacer\" style=\"height:30px\"><\/div>\n<p><img loading=\"lazy\" decoding=\"async\" src=\"http:\/\/www.jomtien-condotel.com\/wp-content\/uploads\/jomtien-condotel_tennis.jpg\" alt=\"\" width=\"1240\" height=\"682\" class=\"aligncenter size-full wp-image-1217\" srcset=\"http:\/\/www.jomtien-condotel.com\/wp-content\/uploads\/jomtien-condotel_tennis.jpg 1240w, http:\/\/www.jomtien-condotel.com\/wp-content\/uploads\/jomtien-condotel_tennis-300x165.jpg 300w, http:\/\/www.jomtien-condotel.com\/wp-content\/uploads\/jomtien-condotel_tennis-1024x563.jpg 1024w, http:\/\/www.jomtien-condotel.com\/wp-content\/uploads\/jomtien-condotel_tennis-768x422.jpg 768w\" sizes=\"(max-width: 1240px) 100vw, 1240px\" \/><\/p>\n<div class=\"su-spacer\" style=\"height:30px\"><\/div>\n<p><strong>Le terrain de tennis est ouvert tous les jours de 7h00 \u00e0 21h00 (projecteurs dans l&rsquo;obscurit\u00e9).<\/strong><\/p>\n","protected":false},"excerpt":{"rendered":"<p>Trois courts de tennis r\u00e9cemment r\u00e9nov\u00e9s sont disponibles pour les amateurs de tennis. Pour les propri\u00e9taires ou locataires de notre \u00e9tablissement, l&rsquo;utilisation est bien entendu gratuite apr\u00e8s notification pr\u00e9alable. Le terrain de tennis est ouvert tous les jours de 7h00 \u00e0 21h00 (projecteurs dans l&rsquo;obscurit\u00e9).<\/p>\n","protected":false},"author":1,"featured_media":0,"parent":1255,"menu_order":0,"comment_status":"closed","ping_status":"closed","template":"","meta":{"footnotes":""},"class_list":["post-1222","page","type-page","status-publish","hentry"],"yoast_head":"<!-- This site is optimized with the Yoast SEO plugin v19.14 - https:\/\/yoast.com\/wordpress\/plugins\/seo\/ -->\n<title>Courts de tennis - Jomtien Condotel &amp; Village Pattaya Thailand<\/title>\n<meta name=\"description\" content=\"Trois courts de tennis modernes sont disponibles pour les amateurs de tennis, ouverts tous les jours de 7h00 \u00e0 21h00 (projecteurs dans l&#039;obscurit\u00e9).\" \/>\n<meta name=\"robots\" content=\"index, follow, max-snippet:-1, max-image-preview:large, max-video-preview:-1\" \/>\n<link rel=\"canonical\" href=\"http:\/\/www.jomtien-condotel.com\/fr\/complexe\/tennis\/\" \/>\n<meta property=\"og:locale\" content=\"fr_FR\" \/>\n<meta property=\"og:type\" content=\"article\" \/>\n<meta property=\"og:title\" content=\"Courts de tennis - Jomtien Condotel &amp; Village Pattaya Thailand\" \/>\n<meta property=\"og:description\" content=\"Trois courts de tennis modernes sont disponibles pour les amateurs de tennis, ouverts tous les jours de 7h00 \u00e0 21h00 (projecteurs dans l&#039;obscurit\u00e9).\" \/>\n<meta property=\"og:url\" content=\"http:\/\/www.jomtien-condotel.com\/fr\/complexe\/tennis\/\" \/>\n<meta property=\"og:site_name\" content=\"Jomtien Condotel\" \/>\n<meta property=\"og:image\" content=\"http:\/\/www.jomtien-condotel.com\/wp-content\/uploads\/jomtien-condotel_tennis.jpg\" \/>\n<meta name=\"twitter:card\" content=\"summary_large_image\" \/>\n<script type=\"application\/ld+json\" class=\"yoast-schema-graph\">{\"@context\":\"https:\/\/schema.org\",\"@graph\":[{\"@type\":\"WebPage\",\"@id\":\"http:\/\/www.jomtien-condotel.com\/fr\/complexe\/tennis\/\",\"url\":\"http:\/\/www.jomtien-condotel.com\/fr\/complexe\/tennis\/\",\"name\":\"Courts de tennis - Jomtien Condotel & Village Pattaya Thailand\",\"isPartOf\":{\"@id\":\"http:\/\/www.jomtien-condotel.com\/#website\"},\"datePublished\":\"2020-04-28T08:00:20+00:00\",\"dateModified\":\"2020-04-28T08:00:20+00:00\",\"description\":\"Trois courts de tennis modernes sont disponibles pour les amateurs de tennis, ouverts tous les jours de 7h00 \u00e0 21h00 (projecteurs dans l'obscurit\u00e9).\",\"breadcrumb\":{\"@id\":\"http:\/\/www.jomtien-condotel.com\/fr\/complexe\/tennis\/#breadcrumb\"},\"inLanguage\":\"fr-FR\",\"potentialAction\":[{\"@type\":\"ReadAction\",\"target\":[\"http:\/\/www.jomtien-condotel.com\/fr\/complexe\/tennis\/\"]}]},{\"@type\":\"BreadcrumbList\",\"@id\":\"http:\/\/www.jomtien-condotel.com\/fr\/complexe\/tennis\/#breadcrumb\",\"itemListElement\":[{\"@type\":\"ListItem\",\"position\":1,\"name\":\"Startseite\",\"item\":\"http:\/\/www.jomtien-condotel.com\/fr\/\"},{\"@type\":\"ListItem\",\"position\":2,\"name\":\"Complexe\",\"item\":\"http:\/\/www.jomtien-condotel.com\/fr\/complexe\/\"},{\"@type\":\"ListItem\",\"position\":3,\"name\":\"Tennis\"}]},{\"@type\":\"WebSite\",\"@id\":\"http:\/\/www.jomtien-condotel.com\/#website\",\"url\":\"http:\/\/www.jomtien-condotel.com\/\",\"name\":\"Jomtien Condotel\",\"description\":\"Appartements et Maisons de Vacances\",\"potentialAction\":[{\"@type\":\"SearchAction\",\"target\":{\"@type\":\"EntryPoint\",\"urlTemplate\":\"http:\/\/www.jomtien-condotel.com\/?s={search_term_string}\"},\"query-input\":\"required name=search_term_string\"}],\"inLanguage\":\"fr-FR\"}]}<\/script>\n<!-- \/ Yoast SEO plugin. -->","yoast_head_json":{"title":"Courts de tennis - Jomtien Condotel & Village Pattaya Thailand","description":"Trois courts de tennis modernes sont disponibles pour les amateurs de tennis, ouverts tous les jours de 7h00 \u00e0 21h00 (projecteurs dans l'obscurit\u00e9).","robots":{"index":"index","follow":"follow","max-snippet":"max-snippet:-1","max-image-preview":"max-image-preview:large","max-video-preview":"max-video-preview:-1"},"canonical":"http:\/\/www.jomtien-condotel.com\/fr\/complexe\/tennis\/","og_locale":"fr_FR","og_type":"article","og_title":"Courts de tennis - Jomtien Condotel & Village Pattaya Thailand","og_description":"Trois courts de tennis modernes sont disponibles pour les amateurs de tennis, ouverts tous les jours de 7h00 \u00e0 21h00 (projecteurs dans l'obscurit\u00e9).","og_url":"http:\/\/www.jomtien-condotel.com\/fr\/complexe\/tennis\/","og_site_name":"Jomtien Condotel","og_image":[{"url":"http:\/\/www.jomtien-condotel.com\/wp-content\/uploads\/jomtien-condotel_tennis.jpg"}],"twitter_card":"summary_large_image","schema":{"@context":"https:\/\/schema.org","@graph":[{"@type":"WebPage","@id":"http:\/\/www.jomtien-condotel.com\/fr\/complexe\/tennis\/","url":"http:\/\/www.jomtien-condotel.com\/fr\/complexe\/tennis\/","name":"Courts de tennis - Jomtien Condotel & Village Pattaya Thailand","isPartOf":{"@id":"http:\/\/www.jomtien-condotel.com\/#website"},"datePublished":"2020-04-28T08:00:20+00:00","dateModified":"2020-04-28T08:00:20+00:00","description":"Trois courts de tennis modernes sont disponibles pour les amateurs de tennis, ouverts tous les jours de 7h00 \u00e0 21h00 (projecteurs dans l'obscurit\u00e9).","breadcrumb":{"@id":"http:\/\/www.jomtien-condotel.com\/fr\/complexe\/tennis\/#breadcrumb"},"inLanguage":"fr-FR","potentialAction":[{"@type":"ReadAction","target":["http:\/\/www.jomtien-condotel.com\/fr\/complexe\/tennis\/"]}]},{"@type":"BreadcrumbList","@id":"http:\/\/www.jomtien-condotel.com\/fr\/complexe\/tennis\/#breadcrumb","itemListElement":[{"@type":"ListItem","position":1,"name":"Startseite","item":"http:\/\/www.jomtien-condotel.com\/fr\/"},{"@type":"ListItem","position":2,"name":"Complexe","item":"http:\/\/www.jomtien-condotel.com\/fr\/complexe\/"},{"@type":"ListItem","position":3,"name":"Tennis"}]},{"@type":"WebSite","@id":"http:\/\/www.jomtien-condotel.com\/#website","url":"http:\/\/www.jomtien-condotel.com\/","name":"Jomtien Condotel","description":"Appartements et Maisons de Vacances","potentialAction":[{"@type":"SearchAction","target":{"@type":"EntryPoint","urlTemplate":"http:\/\/www.jomtien-condotel.com\/?s={search_term_string}"},"query-input":"required name=search_term_string"}],"inLanguage":"fr-FR"}]}},"_links":{"self":[{"href":"http:\/\/www.jomtien-condotel.com\/fr\/wp-json\/wp\/v2\/pages\/1222"}],"collection":[{"href":"http:\/\/www.jomtien-condotel.com\/fr\/wp-json\/wp\/v2\/pages"}],"about":[{"href":"http:\/\/www.jomtien-condotel.com\/fr\/wp-json\/wp\/v2\/types\/page"}],"author":[{"embeddable":true,"href":"http:\/\/www.jomtien-condotel.com\/fr\/wp-json\/wp\/v2\/users\/1"}],"replies":[{"embeddable":true,"href":"http:\/\/www.jomtien-condotel.com\/fr\/wp-json\/wp\/v2\/comments?post=1222"}],"version-history":[{"count":0,"href":"http:\/\/www.jomtien-condotel.com\/fr\/wp-json\/wp\/v2\/pages\/1222\/revisions"}],"up":[{"embeddable":true,"href":"http:\/\/www.jomtien-condotel.com\/fr\/wp-json\/wp\/v2\/pages\/1255"}],"wp:attachment":[{"href":"http:\/\/www.jomtien-condotel.com\/fr\/wp-json\/wp\/v2\/media?parent=1222"}],"curies":[{"name":"wp","href":"https:\/\/api.w.org\/{rel}","templated":true}]}}