{"id":1212,"date":"2020-04-28T09:09:11","date_gmt":"2020-04-28T07:09:11","guid":{"rendered":"http:\/\/www.jomtien-condotel.com\/?page_id=1212"},"modified":"2020-04-28T09:09:11","modified_gmt":"2020-04-28T07:09:11","slug":"minishop","status":"publish","type":"page","link":"http:\/\/www.jomtien-condotel.com\/fr\/complexe\/minishop\/","title":{"rendered":"Minishop"},"content":{"rendered":"<p>Dans le <strong>b\u00e2timent B<\/strong>, il y a un <strong>petit mini-magasin<\/strong> directement au rez-de-chauss\u00e9e. Ici, vous pouvez obtenir toutes les petites choses dont vous avez besoin dans un court d\u00e9lai.<\/p>\n<div class=\"su-spacer\" style=\"height:30px\"><\/div>\n<div class=\"su-row\">\n<div class=\"su-column su-column-size-1-2\"><div class=\"su-column-inner su-u-clearfix su-u-trim\">\n<img loading=\"lazy\" decoding=\"async\" src=\"http:\/\/www.jomtien-condotel.com\/wp-content\/uploads\/\/jomtien-condotel_mini-shop_1-1024x768.jpg\" alt=\"\" width=\"800\" height=\"600\" class=\"aligncenter size-large wp-image-1178\" srcset=\"http:\/\/www.jomtien-condotel.com\/wp-content\/uploads\/jomtien-condotel_mini-shop_1-1024x768.jpg 1024w, http:\/\/www.jomtien-condotel.com\/wp-content\/uploads\/jomtien-condotel_mini-shop_1-300x225.jpg 300w, http:\/\/www.jomtien-condotel.com\/wp-content\/uploads\/jomtien-condotel_mini-shop_1-768x576.jpg 768w, http:\/\/www.jomtien-condotel.com\/wp-content\/uploads\/jomtien-condotel_mini-shop_1-1536x1152.jpg 1536w, http:\/\/www.jomtien-condotel.com\/wp-content\/uploads\/jomtien-condotel_mini-shop_1-2048x1536.jpg 2048w\" sizes=\"(max-width: 800px) 100vw, 800px\" \/><br \/>\n<\/div><\/div>\n<div class=\"su-column su-column-size-1-2\"><div class=\"su-column-inner su-u-clearfix su-u-trim\">\n<img loading=\"lazy\" decoding=\"async\" src=\"http:\/\/www.jomtien-condotel.com\/wp-content\/uploads\/\/jomtien-condotel_mini-shop_2-1024x768.jpg\" alt=\"\" width=\"800\" height=\"600\" class=\"aligncenter size-large wp-image-1182\" srcset=\"http:\/\/www.jomtien-condotel.com\/wp-content\/uploads\/jomtien-condotel_mini-shop_2-1024x768.jpg 1024w, http:\/\/www.jomtien-condotel.com\/wp-content\/uploads\/jomtien-condotel_mini-shop_2-300x225.jpg 300w, http:\/\/www.jomtien-condotel.com\/wp-content\/uploads\/jomtien-condotel_mini-shop_2-768x576.jpg 768w, http:\/\/www.jomtien-condotel.com\/wp-content\/uploads\/jomtien-condotel_mini-shop_2-1536x1152.jpg 1536w, http:\/\/www.jomtien-condotel.com\/wp-content\/uploads\/jomtien-condotel_mini-shop_2-2048x1536.jpg 2048w\" sizes=\"(max-width: 800px) 100vw, 800px\" \/><br \/>\n<\/div><\/div>\n<\/div>\n<p>Ici, vous obtenez une petite s\u00e9lection de boissons, de nourriture et d&rsquo;autres choses. Fondamentalement, tout ce dont vous avez besoin entre les deux ou simplement oubli\u00e9 lors de vos achats.<\/p>\n<div class=\"su-spacer\" style=\"height:30px\"><\/div>\n<p><strong>La mini boutique est ouverte tous les jours de 9h \u00e0 21h en haute saison.<\/strong><\/p>\n","protected":false},"excerpt":{"rendered":"<p>Dans le b\u00e2timent B, il y a un petit mini-magasin directement au rez-de-chauss\u00e9e. Ici, vous pouvez obtenir toutes les petites choses dont vous avez besoin dans un court d\u00e9lai. Ici, vous obtenez une petite s\u00e9lection de boissons, de nourriture et d&rsquo;autres choses. Fondamentalement, tout ce dont vous<\/p>\n","protected":false},"author":1,"featured_media":0,"parent":1255,"menu_order":0,"comment_status":"closed","ping_status":"closed","template":"","meta":{"footnotes":""},"class_list":["post-1212","page","type-page","status-publish","hentry"],"yoast_head":"<!-- This site is optimized with the Yoast SEO plugin v19.14 - https:\/\/yoast.com\/wordpress\/plugins\/seo\/ -->\n<title>Mini Shop - Jomtien Condotel &amp; Village Pattaya Thailand<\/title>\n<meta name=\"description\" content=\"Le mini-magasin est situ\u00e9 dans le Jomtien Condotel B et propose une large gamme de produits alimentaires aux cosm\u00e9tiques \u00e0 des prix abordables.\" \/>\n<meta name=\"robots\" content=\"index, follow, max-snippet:-1, max-image-preview:large, max-video-preview:-1\" \/>\n<link rel=\"canonical\" href=\"http:\/\/www.jomtien-condotel.com\/fr\/complexe\/minishop\/\" \/>\n<meta property=\"og:locale\" content=\"fr_FR\" \/>\n<meta property=\"og:type\" content=\"article\" \/>\n<meta property=\"og:title\" content=\"Mini Shop - Jomtien Condotel &amp; Village Pattaya Thailand\" \/>\n<meta property=\"og:description\" content=\"Le mini-magasin est situ\u00e9 dans le Jomtien Condotel B et propose une large gamme de produits alimentaires aux cosm\u00e9tiques \u00e0 des prix abordables.\" \/>\n<meta property=\"og:url\" content=\"http:\/\/www.jomtien-condotel.com\/fr\/complexe\/minishop\/\" \/>\n<meta property=\"og:site_name\" content=\"Jomtien Condotel\" \/>\n<meta property=\"og:image\" content=\"http:\/\/www.jomtien-condotel.com\/wp-content\/uploads\/\/jomtien-condotel_mini-shop_1-1024x768.jpg\" \/>\n<meta name=\"twitter:card\" content=\"summary_large_image\" \/>\n<script type=\"application\/ld+json\" class=\"yoast-schema-graph\">{\"@context\":\"https:\/\/schema.org\",\"@graph\":[{\"@type\":\"WebPage\",\"@id\":\"http:\/\/www.jomtien-condotel.com\/fr\/complexe\/minishop\/\",\"url\":\"http:\/\/www.jomtien-condotel.com\/fr\/complexe\/minishop\/\",\"name\":\"Mini Shop - Jomtien Condotel & Village Pattaya Thailand\",\"isPartOf\":{\"@id\":\"http:\/\/www.jomtien-condotel.com\/#website\"},\"datePublished\":\"2020-04-28T07:09:11+00:00\",\"dateModified\":\"2020-04-28T07:09:11+00:00\",\"description\":\"Le mini-magasin est situ\u00e9 dans le Jomtien Condotel B et propose une large gamme de produits alimentaires aux cosm\u00e9tiques \u00e0 des prix abordables.\",\"breadcrumb\":{\"@id\":\"http:\/\/www.jomtien-condotel.com\/fr\/complexe\/minishop\/#breadcrumb\"},\"inLanguage\":\"fr-FR\",\"potentialAction\":[{\"@type\":\"ReadAction\",\"target\":[\"http:\/\/www.jomtien-condotel.com\/fr\/complexe\/minishop\/\"]}]},{\"@type\":\"BreadcrumbList\",\"@id\":\"http:\/\/www.jomtien-condotel.com\/fr\/complexe\/minishop\/#breadcrumb\",\"itemListElement\":[{\"@type\":\"ListItem\",\"position\":1,\"name\":\"Startseite\",\"item\":\"http:\/\/www.jomtien-condotel.com\/fr\/\"},{\"@type\":\"ListItem\",\"position\":2,\"name\":\"Complexe\",\"item\":\"http:\/\/www.jomtien-condotel.com\/fr\/complexe\/\"},{\"@type\":\"ListItem\",\"position\":3,\"name\":\"Minishop\"}]},{\"@type\":\"WebSite\",\"@id\":\"http:\/\/www.jomtien-condotel.com\/#website\",\"url\":\"http:\/\/www.jomtien-condotel.com\/\",\"name\":\"Jomtien Condotel\",\"description\":\"Appartements et Maisons de Vacances\",\"potentialAction\":[{\"@type\":\"SearchAction\",\"target\":{\"@type\":\"EntryPoint\",\"urlTemplate\":\"http:\/\/www.jomtien-condotel.com\/?s={search_term_string}\"},\"query-input\":\"required name=search_term_string\"}],\"inLanguage\":\"fr-FR\"}]}<\/script>\n<!-- \/ Yoast SEO plugin. -->","yoast_head_json":{"title":"Mini Shop - Jomtien Condotel & Village Pattaya Thailand","description":"Le mini-magasin est situ\u00e9 dans le Jomtien Condotel B et propose une large gamme de produits alimentaires aux cosm\u00e9tiques \u00e0 des prix abordables.","robots":{"index":"index","follow":"follow","max-snippet":"max-snippet:-1","max-image-preview":"max-image-preview:large","max-video-preview":"max-video-preview:-1"},"canonical":"http:\/\/www.jomtien-condotel.com\/fr\/complexe\/minishop\/","og_locale":"fr_FR","og_type":"article","og_title":"Mini Shop - Jomtien Condotel & Village Pattaya Thailand","og_description":"Le mini-magasin est situ\u00e9 dans le Jomtien Condotel B et propose une large gamme de produits alimentaires aux cosm\u00e9tiques \u00e0 des prix abordables.","og_url":"http:\/\/www.jomtien-condotel.com\/fr\/complexe\/minishop\/","og_site_name":"Jomtien Condotel","og_image":[{"url":"http:\/\/www.jomtien-condotel.com\/wp-content\/uploads\/\/jomtien-condotel_mini-shop_1-1024x768.jpg"}],"twitter_card":"summary_large_image","schema":{"@context":"https:\/\/schema.org","@graph":[{"@type":"WebPage","@id":"http:\/\/www.jomtien-condotel.com\/fr\/complexe\/minishop\/","url":"http:\/\/www.jomtien-condotel.com\/fr\/complexe\/minishop\/","name":"Mini Shop - Jomtien Condotel & Village Pattaya Thailand","isPartOf":{"@id":"http:\/\/www.jomtien-condotel.com\/#website"},"datePublished":"2020-04-28T07:09:11+00:00","dateModified":"2020-04-28T07:09:11+00:00","description":"Le mini-magasin est situ\u00e9 dans le Jomtien Condotel B et propose une large gamme de produits alimentaires aux cosm\u00e9tiques \u00e0 des prix abordables.","breadcrumb":{"@id":"http:\/\/www.jomtien-condotel.com\/fr\/complexe\/minishop\/#breadcrumb"},"inLanguage":"fr-FR","potentialAction":[{"@type":"ReadAction","target":["http:\/\/www.jomtien-condotel.com\/fr\/complexe\/minishop\/"]}]},{"@type":"BreadcrumbList","@id":"http:\/\/www.jomtien-condotel.com\/fr\/complexe\/minishop\/#breadcrumb","itemListElement":[{"@type":"ListItem","position":1,"name":"Startseite","item":"http:\/\/www.jomtien-condotel.com\/fr\/"},{"@type":"ListItem","position":2,"name":"Complexe","item":"http:\/\/www.jomtien-condotel.com\/fr\/complexe\/"},{"@type":"ListItem","position":3,"name":"Minishop"}]},{"@type":"WebSite","@id":"http:\/\/www.jomtien-condotel.com\/#website","url":"http:\/\/www.jomtien-condotel.com\/","name":"Jomtien Condotel","description":"Appartements et Maisons de Vacances","potentialAction":[{"@type":"SearchAction","target":{"@type":"EntryPoint","urlTemplate":"http:\/\/www.jomtien-condotel.com\/?s={search_term_string}"},"query-input":"required name=search_term_string"}],"inLanguage":"fr-FR"}]}},"_links":{"self":[{"href":"http:\/\/www.jomtien-condotel.com\/fr\/wp-json\/wp\/v2\/pages\/1212"}],"collection":[{"href":"http:\/\/www.jomtien-condotel.com\/fr\/wp-json\/wp\/v2\/pages"}],"about":[{"href":"http:\/\/www.jomtien-condotel.com\/fr\/wp-json\/wp\/v2\/types\/page"}],"author":[{"embeddable":true,"href":"http:\/\/www.jomtien-condotel.com\/fr\/wp-json\/wp\/v2\/users\/1"}],"replies":[{"embeddable":true,"href":"http:\/\/www.jomtien-condotel.com\/fr\/wp-json\/wp\/v2\/comments?post=1212"}],"version-history":[{"count":0,"href":"http:\/\/www.jomtien-condotel.com\/fr\/wp-json\/wp\/v2\/pages\/1212\/revisions"}],"up":[{"embeddable":true,"href":"http:\/\/www.jomtien-condotel.com\/fr\/wp-json\/wp\/v2\/pages\/1255"}],"wp:attachment":[{"href":"http:\/\/www.jomtien-condotel.com\/fr\/wp-json\/wp\/v2\/media?parent=1212"}],"curies":[{"name":"wp","href":"https:\/\/api.w.org\/{rel}","templated":true}]}}